{"id":71,"date":"2023-06-05T18:20:01","date_gmt":"2023-06-05T18:20:01","guid":{"rendered":"https:\/\/sommetrenovation.com\/realisations\/"},"modified":"2024-06-26T12:06:59","modified_gmt":"2024-06-26T12:06:59","slug":"achievements","status":"publish","type":"page","link":"https:\/\/sommetrenovation.com\/en\/achievements\/","title":{"rendered":"Achievements"},"content":{"rendered":"<div data-elementor-type=\"wp-page\" data-elementor-id=\"71\" class=\"elementor elementor-71\" data-elementor-post-type=\"page\">\n\t\t\t\t\t\t<section class=\"elementor-section elementor-top-section elementor-element elementor-element-1f5e1ff4 elementor-section-boxed elementor-section-height-default elementor-section-height-default\" data-id=\"1f5e1ff4\" data-element_type=\"section\" data-e-type=\"section\" data-settings=\"{&quot;background_background&quot;:&quot;classic&quot;}\">\n\t\t\t\t\t\t\t<div class=\"elementor-background-overlay\"><\/div>\n\t\t\t\t\t\t\t<div class=\"elementor-container elementor-column-gap-default\">\n\t\t\t\t\t<div class=\"elementor-column elementor-col-100 elementor-top-column elementor-element elementor-element-6669fd0e\" data-id=\"6669fd0e\" data-element_type=\"column\" data-e-type=\"column\">\n\t\t\t<div class=\"elementor-widget-wrap elementor-element-populated\">\n\t\t\t\t\t\t<div class=\"elementor-element elementor-element-7fd7a52b elementor-widget elementor-widget-heading\" data-id=\"7fd7a52b\" data-element_type=\"widget\" data-e-type=\"widget\" data-widget_type=\"heading.default\">\n\t\t\t\t<div class=\"elementor-widget-container\">\n\t\t\t\t\t<div class=\"elementor-heading-title elementor-size-default\">Achievements<\/div>\t\t\t\t<\/div>\n\t\t\t\t<\/div>\n\t\t\t\t\t<\/div>\n\t\t<\/div>\n\t\t\t\t\t<\/div>\n\t\t<\/section>\n\t\t\t\t<section class=\"elementor-section elementor-top-section elementor-element elementor-element-4be166a1 elementor-section-boxed elementor-section-height-default elementor-section-height-default\" data-id=\"4be166a1\" data-element_type=\"section\" data-e-type=\"section\" data-settings=\"{&quot;background_background&quot;:&quot;classic&quot;}\">\n\t\t\t\t\t\t<div class=\"elementor-container elementor-column-gap-default\">\n\t\t\t\t\t<div class=\"elementor-column elementor-col-100 elementor-top-column elementor-element elementor-element-3dc8bd50\" data-id=\"3dc8bd50\" data-element_type=\"column\" data-e-type=\"column\">\n\t\t\t<div class=\"elementor-widget-wrap elementor-element-populated\">\n\t\t\t\t\t\t<div class=\"elementor-element elementor-element-2082f951 elementor-widget__width-auto elementor-widget elementor-widget-heading\" data-id=\"2082f951\" data-element_type=\"widget\" data-e-type=\"widget\" data-widget_type=\"heading.default\">\n\t\t\t\t<div class=\"elementor-widget-container\">\n\t\t\t\t\t<h1 class=\"elementor-heading-title elementor-size-default\">Discover our roofing projects\n<\/h1>\t\t\t\t<\/div>\n\t\t\t\t<\/div>\n\t\t\t\t<div class=\"elementor-element elementor-element-27b2f2a elementor-widget elementor-widget-text-editor\" data-id=\"27b2f2a\" data-element_type=\"widget\" data-e-type=\"widget\" data-widget_type=\"text-editor.default\">\n\t\t\t\t<div class=\"elementor-widget-container\">\n\t\t\t\t\t\t\t\t\tDiscover our roofing projects\t\t\t\t\t\t\t\t<\/div>\n\t\t\t\t<\/div>\n\t\t\t\t\t<\/div>\n\t\t<\/div>\n\t\t\t\t\t<\/div>\n\t\t<\/section>\n\t\t\t\t<section class=\"elementor-section elementor-top-section elementor-element elementor-element-c2a4715 elementor-section-full_width elementor-section-height-default elementor-section-height-default\" data-id=\"c2a4715\" data-element_type=\"section\" data-e-type=\"section\">\n\t\t\t\t\t\t<div class=\"elementor-container elementor-column-gap-default\">\n\t\t\t\t\t<div class=\"elementor-column elementor-col-100 elementor-top-column elementor-element elementor-element-2cf64bdb\" data-id=\"2cf64bdb\" data-element_type=\"column\" data-e-type=\"column\">\n\t\t\t<div class=\"elementor-widget-wrap elementor-element-populated\">\n\t\t\t\t\t\t<div class=\"elementor-element elementor-element-5d78be5c elementor-widget elementor-widget-gallery\" data-id=\"5d78be5c\" data-element_type=\"widget\" data-e-type=\"widget\" data-settings=\"{&quot;columns&quot;:3,&quot;lazyload&quot;:&quot;yes&quot;,&quot;gallery_layout&quot;:&quot;grid&quot;,&quot;columns_tablet&quot;:2,&quot;columns_mobile&quot;:1,&quot;gap&quot;:{&quot;unit&quot;:&quot;px&quot;,&quot;size&quot;:10,&quot;sizes&quot;:[]},&quot;gap_tablet&quot;:{&quot;unit&quot;:&quot;px&quot;,&quot;size&quot;:10,&quot;sizes&quot;:[]},&quot;gap_mobile&quot;:{&quot;unit&quot;:&quot;px&quot;,&quot;size&quot;:10,&quot;sizes&quot;:[]},&quot;link_to&quot;:&quot;file&quot;,&quot;aspect_ratio&quot;:&quot;3:2&quot;,&quot;overlay_background&quot;:&quot;yes&quot;,&quot;content_hover_animation&quot;:&quot;fade-in&quot;}\" data-widget_type=\"gallery.default\">\n\t\t\t\t<div class=\"elementor-widget-container\">\n\t\t\t\t\t\t\t<div class=\"elementor-gallery__container\">\n\t\t\t\t\t\t\t<a class=\"e-gallery-item elementor-gallery-item elementor-animated-content\" href=\"https:\/\/sommetrenovation.com\/wp-content\/uploads\/2023\/06\/realisation-toiture-bardeaux-rive-sud-monteregie-01.jpg\" data-elementor-open-lightbox=\"yes\" data-elementor-lightbox-slideshow=\"5d78be5c\" data-e-action-hash=\"#elementor-action%3Aaction%3Dlightbox%26settings%3DeyJpZCI6NzIsInVybCI6Imh0dHBzOlwvXC9zb21tZXRyZW5vdmF0aW9uLmNvbVwvd3AtY29udGVudFwvdXBsb2Fkc1wvMjAyM1wvMDZcL3JlYWxpc2F0aW9uLXRvaXR1cmUtYmFyZGVhdXgtcml2ZS1zdWQtbW9udGVyZWdpZS0wMS5qcGciLCJzbGlkZXNob3ciOiI1ZDc4YmU1YyJ9\">\n\t\t\t\t\t<div class=\"e-gallery-image elementor-gallery-item__image\" data-thumbnail=\"https:\/\/sommetrenovation.com\/wp-content\/uploads\/2023\/06\/realisation-toiture-bardeaux-rive-sud-monteregie-01.jpg\" data-width=\"800\" data-height=\"520\" aria-label=\"\" role=\"img\" ><\/div>\n\t\t\t\t\t\t\t\t\t\t\t<div class=\"elementor-gallery-item__overlay\"><\/div>\n\t\t\t\t\t\t\t\t\t\t\t\t\t\t<\/a>\n\t\t\t\t\t\t\t<a class=\"e-gallery-item elementor-gallery-item elementor-animated-content\" href=\"https:\/\/sommetrenovation.com\/wp-content\/uploads\/2023\/06\/realisation-toiture-bardeaux-rive-sud-monteregie-02.jpg\" data-elementor-open-lightbox=\"yes\" data-elementor-lightbox-slideshow=\"5d78be5c\" data-e-action-hash=\"#elementor-action%3Aaction%3Dlightbox%26settings%3DeyJpZCI6NzMsInVybCI6Imh0dHBzOlwvXC9zb21tZXRyZW5vdmF0aW9uLmNvbVwvd3AtY29udGVudFwvdXBsb2Fkc1wvMjAyM1wvMDZcL3JlYWxpc2F0aW9uLXRvaXR1cmUtYmFyZGVhdXgtcml2ZS1zdWQtbW9udGVyZWdpZS0wMi5qcGciLCJzbGlkZXNob3ciOiI1ZDc4YmU1YyJ9\">\n\t\t\t\t\t<div class=\"e-gallery-image elementor-gallery-item__image\" data-thumbnail=\"https:\/\/sommetrenovation.com\/wp-content\/uploads\/2023\/06\/realisation-toiture-bardeaux-rive-sud-monteregie-02.jpg\" data-width=\"800\" data-height=\"520\" aria-label=\"\" role=\"img\" ><\/div>\n\t\t\t\t\t\t\t\t\t\t\t<div class=\"elementor-gallery-item__overlay\"><\/div>\n\t\t\t\t\t\t\t\t\t\t\t\t\t\t<\/a>\n\t\t\t\t\t\t\t<a class=\"e-gallery-item elementor-gallery-item elementor-animated-content\" href=\"https:\/\/sommetrenovation.com\/wp-content\/uploads\/2023\/06\/realisation-toiture-bardeaux-rive-sud-monteregie-03.jpg\" data-elementor-open-lightbox=\"yes\" data-elementor-lightbox-slideshow=\"5d78be5c\" data-e-action-hash=\"#elementor-action%3Aaction%3Dlightbox%26settings%3DeyJpZCI6NzQsInVybCI6Imh0dHBzOlwvXC9zb21tZXRyZW5vdmF0aW9uLmNvbVwvd3AtY29udGVudFwvdXBsb2Fkc1wvMjAyM1wvMDZcL3JlYWxpc2F0aW9uLXRvaXR1cmUtYmFyZGVhdXgtcml2ZS1zdWQtbW9udGVyZWdpZS0wMy5qcGciLCJzbGlkZXNob3ciOiI1ZDc4YmU1YyJ9\">\n\t\t\t\t\t<div class=\"e-gallery-image elementor-gallery-item__image\" data-thumbnail=\"https:\/\/sommetrenovation.com\/wp-content\/uploads\/2023\/06\/realisation-toiture-bardeaux-rive-sud-monteregie-03.jpg\" data-width=\"800\" data-height=\"520\" aria-label=\"\" role=\"img\" ><\/div>\n\t\t\t\t\t\t\t\t\t\t\t<div class=\"elementor-gallery-item__overlay\"><\/div>\n\t\t\t\t\t\t\t\t\t\t\t\t\t\t<\/a>\n\t\t\t\t\t\t\t<a class=\"e-gallery-item elementor-gallery-item elementor-animated-content\" href=\"https:\/\/sommetrenovation.com\/wp-content\/uploads\/2023\/06\/realisation-toiture-bardeaux-rive-sud-monteregie-04.jpg\" data-elementor-open-lightbox=\"yes\" data-elementor-lightbox-slideshow=\"5d78be5c\" data-e-action-hash=\"#elementor-action%3Aaction%3Dlightbox%26settings%3DeyJpZCI6NzUsInVybCI6Imh0dHBzOlwvXC9zb21tZXRyZW5vdmF0aW9uLmNvbVwvd3AtY29udGVudFwvdXBsb2Fkc1wvMjAyM1wvMDZcL3JlYWxpc2F0aW9uLXRvaXR1cmUtYmFyZGVhdXgtcml2ZS1zdWQtbW9udGVyZWdpZS0wNC5qcGciLCJzbGlkZXNob3ciOiI1ZDc4YmU1YyJ9\">\n\t\t\t\t\t<div class=\"e-gallery-image elementor-gallery-item__image\" data-thumbnail=\"https:\/\/sommetrenovation.com\/wp-content\/uploads\/2023\/06\/realisation-toiture-bardeaux-rive-sud-monteregie-04.jpg\" data-width=\"800\" data-height=\"520\" aria-label=\"\" role=\"img\" ><\/div>\n\t\t\t\t\t\t\t\t\t\t\t<div class=\"elementor-gallery-item__overlay\"><\/div>\n\t\t\t\t\t\t\t\t\t\t\t\t\t\t<\/a>\n\t\t\t\t\t\t\t<a class=\"e-gallery-item elementor-gallery-item elementor-animated-content\" href=\"https:\/\/sommetrenovation.com\/wp-content\/uploads\/2023\/06\/realisation-toiture-bardeaux-rive-sud-monteregie-05.jpg\" data-elementor-open-lightbox=\"yes\" data-elementor-lightbox-slideshow=\"5d78be5c\" data-e-action-hash=\"#elementor-action%3Aaction%3Dlightbox%26settings%3DeyJpZCI6NzYsInVybCI6Imh0dHBzOlwvXC9zb21tZXRyZW5vdmF0aW9uLmNvbVwvd3AtY29udGVudFwvdXBsb2Fkc1wvMjAyM1wvMDZcL3JlYWxpc2F0aW9uLXRvaXR1cmUtYmFyZGVhdXgtcml2ZS1zdWQtbW9udGVyZWdpZS0wNS5qcGciLCJzbGlkZXNob3ciOiI1ZDc4YmU1YyJ9\">\n\t\t\t\t\t<div class=\"e-gallery-image elementor-gallery-item__image\" data-thumbnail=\"https:\/\/sommetrenovation.com\/wp-content\/uploads\/2023\/06\/realisation-toiture-bardeaux-rive-sud-monteregie-05.jpg\" data-width=\"800\" data-height=\"520\" aria-label=\"\" role=\"img\" ><\/div>\n\t\t\t\t\t\t\t\t\t\t\t<div class=\"elementor-gallery-item__overlay\"><\/div>\n\t\t\t\t\t\t\t\t\t\t\t\t\t\t<\/a>\n\t\t\t\t\t\t\t<a class=\"e-gallery-item elementor-gallery-item elementor-animated-content\" href=\"https:\/\/sommetrenovation.com\/wp-content\/uploads\/2023\/06\/realisation-toiture-bardeaux-rive-sud-monteregie-06.jpg\" data-elementor-open-lightbox=\"yes\" data-elementor-lightbox-slideshow=\"5d78be5c\" data-e-action-hash=\"#elementor-action%3Aaction%3Dlightbox%26settings%3DeyJpZCI6NzcsInVybCI6Imh0dHBzOlwvXC9zb21tZXRyZW5vdmF0aW9uLmNvbVwvd3AtY29udGVudFwvdXBsb2Fkc1wvMjAyM1wvMDZcL3JlYWxpc2F0aW9uLXRvaXR1cmUtYmFyZGVhdXgtcml2ZS1zdWQtbW9udGVyZWdpZS0wNi5qcGciLCJzbGlkZXNob3ciOiI1ZDc4YmU1YyJ9\">\n\t\t\t\t\t<div class=\"e-gallery-image elementor-gallery-item__image\" data-thumbnail=\"https:\/\/sommetrenovation.com\/wp-content\/uploads\/2023\/06\/realisation-toiture-bardeaux-rive-sud-monteregie-06.jpg\" data-width=\"800\" data-height=\"520\" aria-label=\"\" role=\"img\" ><\/div>\n\t\t\t\t\t\t\t\t\t\t\t<div class=\"elementor-gallery-item__overlay\"><\/div>\n\t\t\t\t\t\t\t\t\t\t\t\t\t\t<\/a>\n\t\t\t\t\t\t\t<a class=\"e-gallery-item elementor-gallery-item elementor-animated-content\" href=\"https:\/\/sommetrenovation.com\/wp-content\/uploads\/2023\/06\/realisation-toiture-bardeaux-rive-sud-monteregie-07.jpg\" data-elementor-open-lightbox=\"yes\" data-elementor-lightbox-slideshow=\"5d78be5c\" data-e-action-hash=\"#elementor-action%3Aaction%3Dlightbox%26settings%3DeyJpZCI6NzgsInVybCI6Imh0dHBzOlwvXC9zb21tZXRyZW5vdmF0aW9uLmNvbVwvd3AtY29udGVudFwvdXBsb2Fkc1wvMjAyM1wvMDZcL3JlYWxpc2F0aW9uLXRvaXR1cmUtYmFyZGVhdXgtcml2ZS1zdWQtbW9udGVyZWdpZS0wNy5qcGciLCJzbGlkZXNob3ciOiI1ZDc4YmU1YyJ9\">\n\t\t\t\t\t<div class=\"e-gallery-image elementor-gallery-item__image\" data-thumbnail=\"https:\/\/sommetrenovation.com\/wp-content\/uploads\/2023\/06\/realisation-toiture-bardeaux-rive-sud-monteregie-07.jpg\" data-width=\"800\" data-height=\"520\" aria-label=\"\" role=\"img\" ><\/div>\n\t\t\t\t\t\t\t\t\t\t\t<div class=\"elementor-gallery-item__overlay\"><\/div>\n\t\t\t\t\t\t\t\t\t\t\t\t\t\t<\/a>\n\t\t\t\t\t\t\t<a class=\"e-gallery-item elementor-gallery-item elementor-animated-content\" href=\"https:\/\/sommetrenovation.com\/wp-content\/uploads\/2023\/06\/realisation-toiture-bardeaux-rive-sud-monteregie-08.jpg\" data-elementor-open-lightbox=\"yes\" data-elementor-lightbox-slideshow=\"5d78be5c\" data-e-action-hash=\"#elementor-action%3Aaction%3Dlightbox%26settings%3DeyJpZCI6NzksInVybCI6Imh0dHBzOlwvXC9zb21tZXRyZW5vdmF0aW9uLmNvbVwvd3AtY29udGVudFwvdXBsb2Fkc1wvMjAyM1wvMDZcL3JlYWxpc2F0aW9uLXRvaXR1cmUtYmFyZGVhdXgtcml2ZS1zdWQtbW9udGVyZWdpZS0wOC5qcGciLCJzbGlkZXNob3ciOiI1ZDc4YmU1YyJ9\">\n\t\t\t\t\t<div class=\"e-gallery-image elementor-gallery-item__image\" data-thumbnail=\"https:\/\/sommetrenovation.com\/wp-content\/uploads\/2023\/06\/realisation-toiture-bardeaux-rive-sud-monteregie-08.jpg\" data-width=\"800\" data-height=\"520\" aria-label=\"\" role=\"img\" ><\/div>\n\t\t\t\t\t\t\t\t\t\t\t<div class=\"elementor-gallery-item__overlay\"><\/div>\n\t\t\t\t\t\t\t\t\t\t\t\t\t\t<\/a>\n\t\t\t\t\t\t\t<a class=\"e-gallery-item elementor-gallery-item elementor-animated-content\" href=\"https:\/\/sommetrenovation.com\/wp-content\/uploads\/2023\/06\/realisation-toiture-bardeaux-rive-sud-monteregie-09.jpg\" data-elementor-open-lightbox=\"yes\" data-elementor-lightbox-slideshow=\"5d78be5c\" data-e-action-hash=\"#elementor-action%3Aaction%3Dlightbox%26settings%3DeyJpZCI6ODAsInVybCI6Imh0dHBzOlwvXC9zb21tZXRyZW5vdmF0aW9uLmNvbVwvd3AtY29udGVudFwvdXBsb2Fkc1wvMjAyM1wvMDZcL3JlYWxpc2F0aW9uLXRvaXR1cmUtYmFyZGVhdXgtcml2ZS1zdWQtbW9udGVyZWdpZS0wOS5qcGciLCJzbGlkZXNob3ciOiI1ZDc4YmU1YyJ9\">\n\t\t\t\t\t<div class=\"e-gallery-image elementor-gallery-item__image\" data-thumbnail=\"https:\/\/sommetrenovation.com\/wp-content\/uploads\/2023\/06\/realisation-toiture-bardeaux-rive-sud-monteregie-09.jpg\" data-width=\"800\" data-height=\"520\" aria-label=\"\" role=\"img\" ><\/div>\n\t\t\t\t\t\t\t\t\t\t\t<div class=\"elementor-gallery-item__overlay\"><\/div>\n\t\t\t\t\t\t\t\t\t\t\t\t\t\t<\/a>\n\t\t\t\t\t\t\t<a class=\"e-gallery-item elementor-gallery-item elementor-animated-content\" href=\"https:\/\/sommetrenovation.com\/wp-content\/uploads\/2023\/06\/realisation-toiture-bardeaux-rive-sud-monteregie-10.jpg\" data-elementor-open-lightbox=\"yes\" data-elementor-lightbox-slideshow=\"5d78be5c\" data-e-action-hash=\"#elementor-action%3Aaction%3Dlightbox%26settings%3DeyJpZCI6ODEsInVybCI6Imh0dHBzOlwvXC9zb21tZXRyZW5vdmF0aW9uLmNvbVwvd3AtY29udGVudFwvdXBsb2Fkc1wvMjAyM1wvMDZcL3JlYWxpc2F0aW9uLXRvaXR1cmUtYmFyZGVhdXgtcml2ZS1zdWQtbW9udGVyZWdpZS0xMC5qcGciLCJzbGlkZXNob3ciOiI1ZDc4YmU1YyJ9\">\n\t\t\t\t\t<div class=\"e-gallery-image elementor-gallery-item__image\" data-thumbnail=\"https:\/\/sommetrenovation.com\/wp-content\/uploads\/2023\/06\/realisation-toiture-bardeaux-rive-sud-monteregie-10.jpg\" data-width=\"800\" data-height=\"520\" aria-label=\"\" role=\"img\" ><\/div>\n\t\t\t\t\t\t\t\t\t\t\t<div class=\"elementor-gallery-item__overlay\"><\/div>\n\t\t\t\t\t\t\t\t\t\t\t\t\t\t<\/a>\n\t\t\t\t\t\t\t<a class=\"e-gallery-item elementor-gallery-item elementor-animated-content\" href=\"https:\/\/sommetrenovation.com\/wp-content\/uploads\/2023\/06\/realisation-toiture-bardeaux-rive-sud-monteregie-11.jpg\" data-elementor-open-lightbox=\"yes\" data-elementor-lightbox-slideshow=\"5d78be5c\" data-e-action-hash=\"#elementor-action%3Aaction%3Dlightbox%26settings%3DeyJpZCI6ODIsInVybCI6Imh0dHBzOlwvXC9zb21tZXRyZW5vdmF0aW9uLmNvbVwvd3AtY29udGVudFwvdXBsb2Fkc1wvMjAyM1wvMDZcL3JlYWxpc2F0aW9uLXRvaXR1cmUtYmFyZGVhdXgtcml2ZS1zdWQtbW9udGVyZWdpZS0xMS5qcGciLCJzbGlkZXNob3ciOiI1ZDc4YmU1YyJ9\">\n\t\t\t\t\t<div class=\"e-gallery-image elementor-gallery-item__image\" data-thumbnail=\"https:\/\/sommetrenovation.com\/wp-content\/uploads\/2023\/06\/realisation-toiture-bardeaux-rive-sud-monteregie-11.jpg\" data-width=\"800\" data-height=\"520\" aria-label=\"\" role=\"img\" ><\/div>\n\t\t\t\t\t\t\t\t\t\t\t<div class=\"elementor-gallery-item__overlay\"><\/div>\n\t\t\t\t\t\t\t\t\t\t\t\t\t\t<\/a>\n\t\t\t\t\t\t\t<a class=\"e-gallery-item elementor-gallery-item elementor-animated-content\" href=\"https:\/\/sommetrenovation.com\/wp-content\/uploads\/2023\/06\/realisation-toiture-bardeaux-rive-sud-monteregie-12.jpg\" data-elementor-open-lightbox=\"yes\" data-elementor-lightbox-slideshow=\"5d78be5c\" data-e-action-hash=\"#elementor-action%3Aaction%3Dlightbox%26settings%3DeyJpZCI6ODMsInVybCI6Imh0dHBzOlwvXC9zb21tZXRyZW5vdmF0aW9uLmNvbVwvd3AtY29udGVudFwvdXBsb2Fkc1wvMjAyM1wvMDZcL3JlYWxpc2F0aW9uLXRvaXR1cmUtYmFyZGVhdXgtcml2ZS1zdWQtbW9udGVyZWdpZS0xMi5qcGciLCJzbGlkZXNob3ciOiI1ZDc4YmU1YyJ9\">\n\t\t\t\t\t<div class=\"e-gallery-image elementor-gallery-item__image\" data-thumbnail=\"https:\/\/sommetrenovation.com\/wp-content\/uploads\/2023\/06\/realisation-toiture-bardeaux-rive-sud-monteregie-12.jpg\" data-width=\"800\" data-height=\"520\" aria-label=\"\" role=\"img\" ><\/div>\n\t\t\t\t\t\t\t\t\t\t\t<div class=\"elementor-gallery-item__overlay\"><\/div>\n\t\t\t\t\t\t\t\t\t\t\t\t\t\t<\/a>\n\t\t\t\t\t\t\t<a class=\"e-gallery-item elementor-gallery-item elementor-animated-content\" href=\"https:\/\/sommetrenovation.com\/wp-content\/uploads\/2023\/06\/realisation-toiture-bardeaux-rive-sud-monteregie-13.jpg\" data-elementor-open-lightbox=\"yes\" data-elementor-lightbox-slideshow=\"5d78be5c\" data-e-action-hash=\"#elementor-action%3Aaction%3Dlightbox%26settings%3DeyJpZCI6ODQsInVybCI6Imh0dHBzOlwvXC9zb21tZXRyZW5vdmF0aW9uLmNvbVwvd3AtY29udGVudFwvdXBsb2Fkc1wvMjAyM1wvMDZcL3JlYWxpc2F0aW9uLXRvaXR1cmUtYmFyZGVhdXgtcml2ZS1zdWQtbW9udGVyZWdpZS0xMy5qcGciLCJzbGlkZXNob3ciOiI1ZDc4YmU1YyJ9\">\n\t\t\t\t\t<div class=\"e-gallery-image elementor-gallery-item__image\" data-thumbnail=\"https:\/\/sommetrenovation.com\/wp-content\/uploads\/2023\/06\/realisation-toiture-bardeaux-rive-sud-monteregie-13.jpg\" data-width=\"800\" data-height=\"520\" aria-label=\"\" role=\"img\" ><\/div>\n\t\t\t\t\t\t\t\t\t\t\t<div class=\"elementor-gallery-item__overlay\"><\/div>\n\t\t\t\t\t\t\t\t\t\t\t\t\t\t<\/a>\n\t\t\t\t\t\t\t<a class=\"e-gallery-item elementor-gallery-item elementor-animated-content\" href=\"https:\/\/sommetrenovation.com\/wp-content\/uploads\/2023\/06\/realisation-toiture-bardeaux-rive-sud-monteregie-14.jpg\" data-elementor-open-lightbox=\"yes\" data-elementor-lightbox-slideshow=\"5d78be5c\" data-e-action-hash=\"#elementor-action%3Aaction%3Dlightbox%26settings%3DeyJpZCI6ODUsInVybCI6Imh0dHBzOlwvXC9zb21tZXRyZW5vdmF0aW9uLmNvbVwvd3AtY29udGVudFwvdXBsb2Fkc1wvMjAyM1wvMDZcL3JlYWxpc2F0aW9uLXRvaXR1cmUtYmFyZGVhdXgtcml2ZS1zdWQtbW9udGVyZWdpZS0xNC5qcGciLCJzbGlkZXNob3ciOiI1ZDc4YmU1YyJ9\">\n\t\t\t\t\t<div class=\"e-gallery-image elementor-gallery-item__image\" data-thumbnail=\"https:\/\/sommetrenovation.com\/wp-content\/uploads\/2023\/06\/realisation-toiture-bardeaux-rive-sud-monteregie-14.jpg\" data-width=\"800\" data-height=\"520\" aria-label=\"\" role=\"img\" ><\/div>\n\t\t\t\t\t\t\t\t\t\t\t<div class=\"elementor-gallery-item__overlay\"><\/div>\n\t\t\t\t\t\t\t\t\t\t\t\t\t\t<\/a>\n\t\t\t\t\t\t\t<a class=\"e-gallery-item elementor-gallery-item elementor-animated-content\" href=\"https:\/\/sommetrenovation.com\/wp-content\/uploads\/2023\/06\/realisation-toiture-bardeaux-rive-sud-monteregie-15.jpg\" data-elementor-open-lightbox=\"yes\" data-elementor-lightbox-slideshow=\"5d78be5c\" data-e-action-hash=\"#elementor-action%3Aaction%3Dlightbox%26settings%3DeyJpZCI6ODYsInVybCI6Imh0dHBzOlwvXC9zb21tZXRyZW5vdmF0aW9uLmNvbVwvd3AtY29udGVudFwvdXBsb2Fkc1wvMjAyM1wvMDZcL3JlYWxpc2F0aW9uLXRvaXR1cmUtYmFyZGVhdXgtcml2ZS1zdWQtbW9udGVyZWdpZS0xNS5qcGciLCJzbGlkZXNob3ciOiI1ZDc4YmU1YyJ9\">\n\t\t\t\t\t<div class=\"e-gallery-image elementor-gallery-item__image\" data-thumbnail=\"https:\/\/sommetrenovation.com\/wp-content\/uploads\/2023\/06\/realisation-toiture-bardeaux-rive-sud-monteregie-15.jpg\" data-width=\"800\" data-height=\"520\" aria-label=\"\" role=\"img\" ><\/div>\n\t\t\t\t\t\t\t\t\t\t\t<div class=\"elementor-gallery-item__overlay\"><\/div>\n\t\t\t\t\t\t\t\t\t\t\t\t\t\t<\/a>\n\t\t\t\t\t<\/div>\n\t\t\t\t\t<\/div>\n\t\t\t\t<\/div>\n\t\t\t\t\t<\/div>\n\t\t<\/div>\n\t\t\t\t\t<\/div>\n\t\t<\/section>\n\t\t\t\t<section class=\"elementor-section elementor-top-section elementor-element elementor-element-7264b40a elementor-section-boxed elementor-section-height-default elementor-section-height-default\" data-id=\"7264b40a\" data-element_type=\"section\" data-e-type=\"section\" data-settings=\"{&quot;background_background&quot;:&quot;classic&quot;}\">\n\t\t\t\t\t\t\t<div class=\"elementor-background-overlay\"><\/div>\n\t\t\t\t\t\t\t<div class=\"elementor-container elementor-column-gap-default\">\n\t\t\t\t\t<div class=\"elementor-column elementor-col-100 elementor-top-column elementor-element elementor-element-4e82ac6e\" data-id=\"4e82ac6e\" data-element_type=\"column\" data-e-type=\"column\">\n\t\t\t<div class=\"elementor-widget-wrap elementor-element-populated\">\n\t\t\t\t\t\t<div class=\"elementor-element elementor-element-5ccaab71 elementor-widget elementor-widget-image\" data-id=\"5ccaab71\" data-element_type=\"widget\" data-e-type=\"widget\" data-widget_type=\"image.default\">\n\t\t\t\t<div class=\"elementor-widget-container\">\n\t\t\t\t\t\t\t\t\t\t\t\t\t\t\t<img decoding=\"async\" width=\"133\" height=\"50\" src=\"https:\/\/sommetrenovation.com\/wp-content\/uploads\/2023\/06\/titre-montagne-top-1.png\" class=\"attachment-large size-large wp-image-34\" alt=\"\" \/>\t\t\t\t\t\t\t\t\t\t\t\t\t\t\t<\/div>\n\t\t\t\t<\/div>\n\t\t\t\t<div class=\"elementor-element elementor-element-29aa68ab elementor-widget__width-inherit elementor-widget elementor-widget-heading\" data-id=\"29aa68ab\" data-element_type=\"widget\" data-e-type=\"widget\" data-widget_type=\"heading.default\">\n\t\t\t\t<div class=\"elementor-widget-container\">\n\t\t\t\t\t<h2 class=\"elementor-heading-title elementor-size-default\">Free quote everywhere on the South Shore and Mont\u00e9r\u00e9gie for your roof!<\/h2>\t\t\t\t<\/div>\n\t\t\t\t<\/div>\n\t\t\t\t<div class=\"elementor-element elementor-element-5f79675b elementor-widget elementor-widget-text-editor\" data-id=\"5f79675b\" data-element_type=\"widget\" data-e-type=\"widget\" data-widget_type=\"text-editor.default\">\n\t\t\t\t<div class=\"elementor-widget-container\">\n\t\t\t\t\t\t\t\t\tEntrust your roof to Sommet R\u00e9novation experts on the South Shore and Mont\u00e9r\u00e9gie. Whether it is for the repair, installation, refurbishment or inspection of your roof, our team has a wealth of knowledge that allows it to carry out your residential roofing projects.\t\t\t\t\t\t\t\t<\/div>\n\t\t\t\t<\/div>\n\t\t\t\t<div class=\"elementor-element elementor-element-7eeb0df8 elementor-align-center elementor-widget elementor-widget-button\" data-id=\"7eeb0df8\" data-element_type=\"widget\" data-e-type=\"widget\" estimation=\"\" data-widget_type=\"button.default\">\n\t\t\t\t<div class=\"elementor-widget-container\">\n\t\t\t\t\t\t\t\t\t<div class=\"elementor-button-wrapper\">\n\t\t\t\t\t<a class=\"elementor-button elementor-button-link elementor-size-sm\" href=\"\/en\/contact\/\" title=\"Contact Sommet R\u00e9novation\">\n\t\t\t\t\t\t<span class=\"elementor-button-content-wrapper\">\n\t\t\t\t\t\t\t\t\t<span class=\"elementor-button-text\">Get my quote<\/span>\n\t\t\t\t\t<\/span>\n\t\t\t\t\t<\/a>\n\t\t\t\t<\/div>\n\t\t\t\t\t\t\t\t<\/div>\n\t\t\t\t<\/div>\n\t\t\t\t\t<\/div>\n\t\t<\/div>\n\t\t\t\t\t<\/div>\n\t\t<\/section>\n\t\t\t\t<\/div>","protected":false},"excerpt":{"rendered":"<p>R\u00e9alisations D\u00e9couvrez nos r\u00e9alisations de toitures D\u00e9couvrez nos r\u00e9alisations de toitures Soumission partout sur la Rive-Sud et en Mont\u00e9r\u00e9gie pour votre toiture! Confiez votre toit aux experts de Sommet R\u00e9novation sur la Rive-Sud et en Mont\u00e9r\u00e9gie. Que ce soit pour la r\u00e9paration, l\u2019installation, la r\u00e9fection ou l\u2019inspection de votre toiture, notre \u00e9quipe poss\u00e8de un large [&hellip;]<\/p>\n","protected":false},"author":1,"featured_media":0,"parent":0,"menu_order":0,"comment_status":"closed","ping_status":"closed","template":"","meta":{"footnotes":""},"class_list":["post-71","page","type-page","status-publish","hentry"],"_links":{"self":[{"href":"https:\/\/sommetrenovation.com\/en\/wp-json\/wp\/v2\/pages\/71","targetHints":{"allow":["GET"]}}],"collection":[{"href":"https:\/\/sommetrenovation.com\/en\/wp-json\/wp\/v2\/pages"}],"about":[{"href":"https:\/\/sommetrenovation.com\/en\/wp-json\/wp\/v2\/types\/page"}],"author":[{"embeddable":true,"href":"https:\/\/sommetrenovation.com\/en\/wp-json\/wp\/v2\/users\/1"}],"replies":[{"embeddable":true,"href":"https:\/\/sommetrenovation.com\/en\/wp-json\/wp\/v2\/comments?post=71"}],"version-history":[{"count":5,"href":"https:\/\/sommetrenovation.com\/en\/wp-json\/wp\/v2\/pages\/71\/revisions"}],"predecessor-version":[{"id":1391,"href":"https:\/\/sommetrenovation.com\/en\/wp-json\/wp\/v2\/pages\/71\/revisions\/1391"}],"wp:attachment":[{"href":"https:\/\/sommetrenovation.com\/en\/wp-json\/wp\/v2\/media?parent=71"}],"curies":[{"name":"wp","href":"https:\/\/api.w.org\/{rel}","templated":true}]}}